{"id":9,"date":"2023-12-18T17:18:38","date_gmt":"2023-12-18T17:18:38","guid":{"rendered":"https:\/\/drvagogyorgy.hu\/?page_id=9"},"modified":"2024-01-04T19:59:32","modified_gmt":"2024-01-04T19:59:32","slug":"kezdolap","status":"publish","type":"page","link":"https:\/\/drvagogyorgy.hu\/","title":{"rendered":"Kezd\u0151lap"},"content":{"rendered":"\t\t<div data-elementor-type=\"wp-page\" data-elementor-id=\"9\" class=\"elementor elementor-9\">\n\t\t\t\t<div class=\"elementor-element elementor-element-785f106 e-flex e-con-boxed e-con e-parent\" data-id=\"785f106\" data-element_type=\"container\" data-e-type=\"container\">\n\t\t\t\t\t<div class=\"e-con-inner\">\n\t\t\t\t<div class=\"elementor-element elementor-element-dd46721 elementor-widget elementor-widget-text-editor\" data-id=\"dd46721\" data-element_type=\"widget\" data-e-type=\"widget\" data-widget_type=\"text-editor.default\">\n\t\t\t\t<div class=\"elementor-widget-container\">\n\t\t\t\t\t\t\t\t\t<h3>Bemutatkoz\u00e1s<\/h3><h5><span style=\"font-weight: normal;\">Cegl\u00e9den sz\u00fclettem, \u00e9s az \u00e1ltal\u00e1nos \u00e9s k\u00f6z\u00e9piskolai tanulm\u00e1nyaimat is ebben\na v\u00e1rosban folytattam, k\u00e9s\u0151bbi munk\u00e1im miatt er\u0151s sz\u00e1lak k\u00f6tnek Nagyk\u0151r\u00f6sh\u00f6z,\ntov\u00e1bb\u00e1 Kecskem\u00e9thez is. Fels\u0151fok\u00fa tanulm\u00e1nyaimat Szegeden v\u00e9geztem a J\u00f3zsef\nAttila Tudom\u00e1nyegyetem B\u00f6lcs\u00e9szet- \u00e9s T\u00e1rsadalomtudom\u00e1nyi Kar\u00e1n, tov\u00e1bb\u00e1 a\nSzegedi Tudom\u00e1nyegyetem \u00c1llam- \u00e9s Jogtudom\u00e1nyi Kar\u00e1n. Posztgradu\u00e1lis k\u00e9pz\u00e9seken\naz E\u00f6tv\u00f6s Lor\u00e1nd Tudom\u00e1nyegyetem \u00c1llam- \u00e9s Jogtudom\u00e1nyi Kar\u00e1n \u00e9s a P\u00e9csi\nTudom\u00e1nyegyetem \u00c1llam- \u00e9s Jogtudom\u00e1nyi Kar\u00e1n is tanulhattam, ahol megszereztem\na munkajogi szakjog\u00e1sz k\u00e9pes\u00edt\u00e9st. Az egyetemi \u00e9vek elv\u00e9gz\u00e9se ut\u00e1n Cegl\u00e9d V\u00e1ros\n\u00d6nkorm\u00e1nyzat\u00e1n\u00e1l dolgoztam egy \u00e9vig, majd ezt k\u00f6vet\u0151en az \u00fcgyv\u00e9di hivat\u00e1st\nv\u00e1lasztottam.<\/span><\/h5><p style=\"margin-bottom:0cm;text-align:justify;line-height:\n115%\"><span style=\"font-size:12.0pt;line-height:115%;font-family:&quot;Garamond&quot;,serif;\nmso-fareast-font-family:&quot;Times New Roman&quot;;mso-bidi-font-family:&quot;Times New Roman&quot;;\ncolor:#141C2D;mso-font-kerning:0pt;mso-ligatures:none;mso-fareast-language:\nHU\"><o:p><\/o:p><\/span><\/p>\n<h5>\n<\/h5><h4 style=\"margin-bottom:0cm;text-align:justify;line-height: 115%\"><br><\/h4>\n\n<h5><span style=\"font-size: 1.5em; text-align: inherit; font-family: var( --e-global-typography-text-font-family ), Sans-serif;\">Szakter\u00fcletek<\/span><\/h5>\n<h4>Munkajog<\/h4>\n<h5><span style=\"font-weight: normal;\">\u00dcgyv\u00e9di irod\u00e1m f\u0151 profilja a munkajog jogvit\u00e1k rendez\u00e9se. Teljesk\u00f6r\u0171 jogi k\u00e9pviselet mind a munk\u00e1ltat\u00f3k, mind pedig a munkav\u00e1llal\u00f3k sz\u00e1m\u00e1ra. Sok\u00e9ves gyakorlattal seg\u00edtek megold\u00e1st tal\u00e1lni peren k\u00edv\u00fcli \u00e9s peres elj\u00e1r\u00e1sok sor\u00e1n. Jogi k\u00e9pviselet munka\u00fcgyi perekben, munkaszerz\u0151d\u00e9sek, tanulm\u00e1nyi szerz\u0151d\u00e9sek, versenytilalmi meg\u00e1llapod\u00e1sok v\u00e9lem\u00e9nyez\u00e9se, k\u00e9sz\u00edt\u00e9se. Jogi tan\u00e1csad\u00e1s, \u00e9s peres k\u00e9pviselet munka\u00fcgyi jogvit\u00e1kban (pl.: munkaviszony megsz\u00fcntet\u00e9se, felmond\u00e1sok, b\u00e9rk\u00f6vetel\u00e9sek, k\u00e1rt\u00e9r\u00edt\u00e9si perek, munkabalesetek, stb.).<\/span><\/h5>\n<h4>\u00c1lland\u00f3 jogi k\u00e9pviselet<\/h4>\n<h5><span style=\"font-weight: normal;\">Gazdas\u00e1gi t\u00e1rsas\u00e1gok, \u00e1llami- vagy \u00f6nkorm\u00e1nyzati int\u00e9zm\u00e9nyek jogi k\u00e9pviselet\u00e9nek teljes k\u00f6r\u0171 ell\u00e1t\u00e1sa, \u00e9rdekeinek v\u00e9delme.<\/span><\/h5>\n<h4>T\u00e1rsas\u00e1gi jog<\/h4>\n<h5><span style=\"font-weight: normal;\">Gazdas\u00e1gi t\u00e1rsas\u00e1gok alap\u00edt\u00e1sa, c\u00e9gm\u00f3dos\u00edt\u00e1s, gazdas\u00e1gi t\u00e1rsas\u00e1gok \u00e1talakul\u00e1s\u00e1val, egyes\u00fcl\u00e9s\u00e9vel, sz\u00e9tv\u00e1l\u00e1s\u00e1val kapcsolatos teljes k\u00f6r\u0171 \u00fcgyint\u00e9z\u00e9s, \u00fcgyfeleim c\u00e9gb\u00edr\u00f3s\u00e1gi elj\u00e1r\u00e1sban t\u00f6rt\u00e9n\u0151 teljes k\u00f6r\u0171 jogi k\u00e9pviselete.<\/span><\/h5>\n<h4>Ingatlanjog<\/h4>\n<h5><span style=\"font-weight: normal;\">Ad\u00e1sv\u00e9teli-, aj\u00e1nd\u00e9koz\u00e1si-, tart\u00e1si-, b\u00e9rleti-, csere-, telekalak\u00edt\u00e1si-, t\u00e1rsash\u00e1zi-, valamint vegyes t\u00edpus\u00fa szerz\u0151d\u00e9sek elk\u00e9sz\u00edt\u00e9se, \u00fcgyfeleink f\u00f6ldhivatali elj\u00e1r\u00e1sban t\u00f6rt\u00e9n\u0151 teljes k\u00f6r\u0171 jogi k\u00e9pviselete.<\/span><\/h5>\n<h4>Polg\u00e1ri jogi szerz\u0151d\u00e9sek<\/h4>\n<ul>\n<li><b>ing\u00f3- \u00e9s ingatlan ad\u00e1sv\u00e9teli szerz\u0151d\u00e9sek,<\/b><\/li>\n<li><b>v\u00e1llalkoz\u00e1si szerz\u0151d\u00e9sek,<\/b><\/li>\n<li><b>megb\u00edz\u00e1si szerz\u0151d\u00e9sek,<\/b><\/li>\n<li><b>b\u00e9rleti szerz\u0151d\u00e9sek,<\/b><\/li>\n<li><b>k\u00f6lcs\u00f6nszerz\u0151d\u00e9sek,<\/b><\/li>\n<li><b>jelz\u00e1logszerz\u0151d\u00e9sek,<\/b><\/li>\n<li><b>tart\u00e1si \u00e9s \u00e9letj\u00e1rad\u00e9ki szerz\u0151d\u00e9sek,<\/b><\/li>\n<li><b>v\u00e9grendeletek,<\/b><\/li>\n<li><b>\u00f6r\u00f6kl\u00e9si szerz\u0151d\u00e9sek,<\/b><\/li>\n<li><b>csere szerz\u0151d\u00e9sek,<\/b><\/li>\n<li><b>k\u00f6z\u00f6s tulajdon megsz\u00fcntet\u00e9se, haszn\u00e1lati meg\u00e1llapod\u00e1sok,<\/b><\/li>\n<li><b>t\u00e1rsash\u00e1zat alap\u00edt\u00f3-, m\u00f3dos\u00edt\u00f3 okiratok.&nbsp;<\/b><\/li>\n<\/ul>\t\t\t\t\t\t\t\t<\/div>\n\t\t\t\t<\/div>\n\t\t\t\t\t<\/div>\n\t\t\t\t<\/div>\n\t\t<div class=\"elementor-element elementor-element-dad2286 e-flex e-con-boxed e-con e-parent\" data-id=\"dad2286\" data-element_type=\"container\" data-e-type=\"container\">\n\t\t\t\t\t<div class=\"e-con-inner\">\n\t\t\t\t<div class=\"elementor-element elementor-element-afd7455 elementor-widget elementor-widget-image\" data-id=\"afd7455\" data-element_type=\"widget\" data-e-type=\"widget\" data-widget_type=\"image.default\">\n\t\t\t\t<div class=\"elementor-widget-container\">\n\t\t\t\t\t\t\t\t\t\t\t\t\t\t\t<img fetchpriority=\"high\" decoding=\"async\" width=\"676\" height=\"376\" src=\"https:\/\/drvagogyorgy.hu\/wp-content\/uploads\/2024\/01\/Vago-Gyorgy-tabla-alu140x80cm-768x427.png\" class=\"attachment-medium_large size-medium_large wp-image-151\" alt=\"\" srcset=\"https:\/\/drvagogyorgy.hu\/wp-content\/uploads\/2024\/01\/Vago-Gyorgy-tabla-alu140x80cm-768x427.png 768w, https:\/\/drvagogyorgy.hu\/wp-content\/uploads\/2024\/01\/Vago-Gyorgy-tabla-alu140x80cm-300x167.png 300w, https:\/\/drvagogyorgy.hu\/wp-content\/uploads\/2024\/01\/Vago-Gyorgy-tabla-alu140x80cm-1024x569.png 1024w, https:\/\/drvagogyorgy.hu\/wp-content\/uploads\/2024\/01\/Vago-Gyorgy-tabla-alu140x80cm-1536x854.png 1536w, https:\/\/drvagogyorgy.hu\/wp-content\/uploads\/2024\/01\/Vago-Gyorgy-tabla-alu140x80cm-676x376.png 676w, https:\/\/drvagogyorgy.hu\/wp-content\/uploads\/2024\/01\/Vago-Gyorgy-tabla-alu140x80cm.png 1702w\" sizes=\"(max-width: 676px) 100vw, 676px\" \/>\t\t\t\t\t\t\t\t\t\t\t\t\t\t\t<\/div>\n\t\t\t\t<\/div>\n\t\t\t\t\t<\/div>\n\t\t\t\t<\/div>\n\t\t\t\t<\/div>\n\t\t","protected":false},"excerpt":{"rendered":"<p>Bemutatkoz\u00e1s Cegl\u00e9den sz\u00fclettem, \u00e9s az \u00e1ltal\u00e1nos \u00e9s k\u00f6z\u00e9piskolai tanulm\u00e1nyaimat is ebben a v\u00e1rosban folytattam, k\u00e9s\u0151bbi munk\u00e1im miatt er\u0151s sz\u00e1lak k\u00f6tnek Nagyk\u0151r\u00f6sh\u00f6z, tov\u00e1bb\u00e1 Kecskem\u00e9thez is. Fels\u0151fok\u00fa tanulm\u00e1nyaimat Szegeden v\u00e9geztem a J\u00f3zsef Attila Tudom\u00e1nyegyetem B\u00f6lcs\u00e9szet- \u00e9s T\u00e1rsadalomtudom\u00e1nyi Kar\u00e1n, tov\u00e1bb\u00e1 a Szegedi Tudom\u00e1nyegyetem \u00c1llam- \u00e9s Jogtudom\u00e1nyi Kar\u00e1n. Posztgradu\u00e1lis k\u00e9pz\u00e9seken az E\u00f6tv\u00f6s Lor\u00e1nd Tudom\u00e1nyegyetem \u00c1llam- \u00e9s Jogtudom\u00e1nyi Kar\u00e1n \u00e9s [&hellip;]<\/p>\n","protected":false},"author":1,"featured_media":0,"parent":0,"menu_order":0,"comment_status":"closed","ping_status":"closed","template":"elementor_header_footer","meta":{"footnotes":""},"class_list":["post-9","page","type-page","status-publish","hentry","post-preview"],"_links":{"self":[{"href":"https:\/\/drvagogyorgy.hu\/index.php\/wp-json\/wp\/v2\/pages\/9","targetHints":{"allow":["GET"]}}],"collection":[{"href":"https:\/\/drvagogyorgy.hu\/index.php\/wp-json\/wp\/v2\/pages"}],"about":[{"href":"https:\/\/drvagogyorgy.hu\/index.php\/wp-json\/wp\/v2\/types\/page"}],"author":[{"embeddable":true,"href":"https:\/\/drvagogyorgy.hu\/index.php\/wp-json\/wp\/v2\/users\/1"}],"replies":[{"embeddable":true,"href":"https:\/\/drvagogyorgy.hu\/index.php\/wp-json\/wp\/v2\/comments?post=9"}],"version-history":[{"count":110,"href":"https:\/\/drvagogyorgy.hu\/index.php\/wp-json\/wp\/v2\/pages\/9\/revisions"}],"predecessor-version":[{"id":265,"href":"https:\/\/drvagogyorgy.hu\/index.php\/wp-json\/wp\/v2\/pages\/9\/revisions\/265"}],"wp:attachment":[{"href":"https:\/\/drvagogyorgy.hu\/index.php\/wp-json\/wp\/v2\/media?parent=9"}],"curies":[{"name":"wp","href":"https:\/\/api.w.org\/{rel}","templated":true}]}}